{"id":35,"date":"2025-12-04T08:54:45","date_gmt":"2025-12-04T08:54:45","guid":{"rendered":"https:\/\/komisleon.pl\/?page_id=35"},"modified":"2025-12-08T16:56:59","modified_gmt":"2025-12-08T16:56:59","slug":"home","status":"publish","type":"page","link":"https:\/\/komisleon.pl\/","title":{"rendered":"Home"},"content":{"rendered":"\t\t<div data-elementor-type=\"wp-page\" data-elementor-id=\"35\" class=\"elementor elementor-35\" data-elementor-post-type=\"page\">\n\t\t\t\t<div class=\"elementor-element elementor-element-d5cfde3 e-flex e-con-boxed e-con e-parent\" data-id=\"d5cfde3\" data-element_type=\"container\" data-settings=\"{&quot;background_background&quot;:&quot;classic&quot;}\">\n\t\t\t\t\t<div class=\"e-con-inner\">\n\t\t\t\t<div class=\"elementor-element elementor-element-3ecd55be elementor-invisible elementor-widget elementor-widget-heading\" data-id=\"3ecd55be\" data-element_type=\"widget\" data-settings=\"{&quot;_animation&quot;:&quot;fadeIn&quot;}\" data-widget_type=\"heading.default\">\n\t\t\t\t\t<h1 class=\"elementor-heading-title elementor-size-default\">Komis Leon \u2013 szybki skup i sprzeda\u017c warto\u015bciowych przedmiot\u00f3w na Bielanach<\/h1>\t\t\t\t<\/div>\n\t\t\t\t<div class=\"elementor-element elementor-element-32b3f1bc elementor-invisible elementor-widget elementor-widget-heading\" data-id=\"32b3f1bc\" data-element_type=\"widget\" data-settings=\"{&quot;_animation&quot;:&quot;fadeIn&quot;}\" data-widget_type=\"heading.default\">\n\t\t\t\t\t<h5 class=\"elementor-heading-title elementor-size-default\">Got\u00f3wka od r\u0119ki. Bez zb\u0119dnych formalno\u015bci.<\/h5>\t\t\t\t<\/div>\n\t\t\t\t<div class=\"elementor-element elementor-element-e27d80d elementor-invisible elementor-widget elementor-widget-heading\" data-id=\"e27d80d\" data-element_type=\"widget\" data-settings=\"{&quot;_animation&quot;:&quot;fadeIn&quot;}\" data-widget_type=\"heading.default\">\n\t\t\t\t\t<h5 class=\"elementor-heading-title elementor-size-default\">ul. Przy Agorze 3a, Warszawa Bielany<\/br>\n<b>tel. 690 141 485<\/b>\n<\/h5>\t\t\t\t<\/div>\n\t\t\t\t<div class=\"elementor-element elementor-element-2a921c06 elementor-align-center elementor-invisible elementor-widget elementor-widget-button\" data-id=\"2a921c06\" data-element_type=\"widget\" data-settings=\"{&quot;_animation&quot;:&quot;fadeIn&quot;,&quot;_animation_delay&quot;:400}\" data-widget_type=\"button.default\">\n\t\t\t\t\t\t\t\t\t\t<a class=\"elementor-button elementor-size-sm\" role=\"button\">\n\t\t\t\t\t\t<span class=\"elementor-button-content-wrapper\">\n\t\t\t\t\t\t\t\t\t<span class=\"elementor-button-text\">Napisz do nas! <\/span>\n\t\t\t\t\t<\/span>\n\t\t\t\t\t<\/a>\n\t\t\t\t\t\t\t\t<\/div>\n\t\t\t\t\t<\/div>\n\t\t\t\t<\/div>\n\t\t<div class=\"elementor-element elementor-element-76b52626 e-flex e-con-boxed e-con e-parent\" data-id=\"76b52626\" data-element_type=\"container\">\n\t\t\t\t\t<div class=\"e-con-inner\">\n\t\t\t\t<div class=\"elementor-element elementor-element-30e5297 elementor-widget elementor-widget-heading\" data-id=\"30e5297\" data-element_type=\"widget\" id=\"uslugi\" data-widget_type=\"heading.default\">\n\t\t\t\t\t<h2 class=\"elementor-heading-title elementor-size-default\">Co skupujemy? <\/h2>\t\t\t\t<\/div>\n\t\t\t\t<div class=\"elementor-element elementor-element-ccbb979 elementor-widget elementor-widget-heading\" data-id=\"ccbb979\" data-element_type=\"widget\" data-widget_type=\"heading.default\">\n\t\t\t\t\t<h5 class=\"elementor-heading-title elementor-size-default\">Skupujemy i sprzedajemy przedmioty warto\u015bciowe \u2013 prosto i przejrzy\u015bcie.<\/h5>\t\t\t\t<\/div>\n\t\t<div class=\"elementor-element elementor-element-b2d7dbe e-con-full e-flex e-con e-child\" data-id=\"b2d7dbe\" data-element_type=\"container\">\n\t\t\t\t<div class=\"elementor-element elementor-element-43ed2439 elementor-widget-tablet__width-initial elementor-widget-mobile__width-inherit elementor-widget__width-initial elementor-position-top elementor-widget elementor-widget-image-box\" data-id=\"43ed2439\" data-element_type=\"widget\" data-widget_type=\"image-box.default\">\n\t\t\t\t\t<div class=\"elementor-image-box-wrapper\"><figure class=\"elementor-image-box-img\"><img fetchpriority=\"high\" decoding=\"async\" width=\"800\" height=\"800\" src=\"https:\/\/komisleon.pl\/wp-content\/uploads\/2025\/12\/komis-elektronika1.jpg\" class=\"elementor-animation-grow attachment-full size-full wp-image-78\" alt=\"\" srcset=\"https:\/\/komisleon.pl\/wp-content\/uploads\/2025\/12\/komis-elektronika1.jpg 800w, https:\/\/komisleon.pl\/wp-content\/uploads\/2025\/12\/komis-elektronika1-300x300.jpg 300w, https:\/\/komisleon.pl\/wp-content\/uploads\/2025\/12\/komis-elektronika1-150x150.jpg 150w, https:\/\/komisleon.pl\/wp-content\/uploads\/2025\/12\/komis-elektronika1-768x768.jpg 768w\" sizes=\"(max-width: 800px) 100vw, 800px\" \/><\/figure><div class=\"elementor-image-box-content\"><h4 class=\"elementor-image-box-title\">Elektronika<\/h4><p class=\"elementor-image-box-description\">Smartfony, laptopy, tablety, konsole, s\u0142uchawki, akcesoria.<\/p><\/div><\/div>\t\t\t\t<\/div>\n\t\t\t\t<div class=\"elementor-element elementor-element-3afe9b04 elementor-widget-tablet__width-initial elementor-widget-mobile__width-inherit elementor-widget__width-initial elementor-position-top elementor-widget elementor-widget-image-box\" data-id=\"3afe9b04\" data-element_type=\"widget\" data-widget_type=\"image-box.default\">\n\t\t\t\t\t<div class=\"elementor-image-box-wrapper\"><figure class=\"elementor-image-box-img\"><img decoding=\"async\" width=\"800\" height=\"800\" src=\"https:\/\/komisleon.pl\/wp-content\/uploads\/2025\/12\/komis-rtv-agd.jpg\" class=\"elementor-animation-grow attachment-full size-full wp-image-73\" alt=\"\" srcset=\"https:\/\/komisleon.pl\/wp-content\/uploads\/2025\/12\/komis-rtv-agd.jpg 800w, https:\/\/komisleon.pl\/wp-content\/uploads\/2025\/12\/komis-rtv-agd-300x300.jpg 300w, https:\/\/komisleon.pl\/wp-content\/uploads\/2025\/12\/komis-rtv-agd-150x150.jpg 150w, https:\/\/komisleon.pl\/wp-content\/uploads\/2025\/12\/komis-rtv-agd-768x768.jpg 768w\" sizes=\"(max-width: 800px) 100vw, 800px\" \/><\/figure><div class=\"elementor-image-box-content\"><h4 class=\"elementor-image-box-title\">Sprz\u0119t RTV\/AGD<\/h4><p class=\"elementor-image-box-description\">Telewizory, soundbary, g\u0142o\u015bniki, odkurzacze, ekspresy i inne.<\/p><\/div><\/div>\t\t\t\t<\/div>\n\t\t\t\t<div class=\"elementor-element elementor-element-4013ea92 elementor-widget-tablet__width-initial elementor-widget-mobile__width-inherit elementor-widget__width-initial elementor-position-top elementor-widget elementor-widget-image-box\" data-id=\"4013ea92\" data-element_type=\"widget\" data-widget_type=\"image-box.default\">\n\t\t\t\t\t<div class=\"elementor-image-box-wrapper\"><figure class=\"elementor-image-box-img\"><img decoding=\"async\" width=\"800\" height=\"800\" src=\"https:\/\/komisleon.pl\/wp-content\/uploads\/2025\/12\/komis-elektronarzedzia.jpg\" class=\"elementor-animation-grow attachment-full size-full wp-image-76\" alt=\"\" srcset=\"https:\/\/komisleon.pl\/wp-content\/uploads\/2025\/12\/komis-elektronarzedzia.jpg 800w, https:\/\/komisleon.pl\/wp-content\/uploads\/2025\/12\/komis-elektronarzedzia-300x300.jpg 300w, https:\/\/komisleon.pl\/wp-content\/uploads\/2025\/12\/komis-elektronarzedzia-150x150.jpg 150w, https:\/\/komisleon.pl\/wp-content\/uploads\/2025\/12\/komis-elektronarzedzia-768x768.jpg 768w\" sizes=\"(max-width: 800px) 100vw, 800px\" \/><\/figure><div class=\"elementor-image-box-content\"><h4 class=\"elementor-image-box-title\">Elektronarz\u0119dzia<\/h4><p class=\"elementor-image-box-description\">Wiertarki, szlifierki, pi\u0142y, wkr\u0119tarki i inne narz\u0119dzia.<\/p><\/div><\/div>\t\t\t\t<\/div>\n\t\t\t\t<div class=\"elementor-element elementor-element-580d492f elementor-widget-tablet__width-initial elementor-widget-mobile__width-inherit elementor-widget__width-initial elementor-position-top elementor-widget elementor-widget-image-box\" data-id=\"580d492f\" data-element_type=\"widget\" data-widget_type=\"image-box.default\">\n\t\t\t\t\t<div class=\"elementor-image-box-wrapper\"><figure class=\"elementor-image-box-img\"><img loading=\"lazy\" decoding=\"async\" width=\"800\" height=\"800\" src=\"https:\/\/komisleon.pl\/wp-content\/uploads\/2025\/12\/komis-bizuteria-zegarki.jpg\" class=\"elementor-animation-grow attachment-full size-full wp-image-75\" alt=\"\" srcset=\"https:\/\/komisleon.pl\/wp-content\/uploads\/2025\/12\/komis-bizuteria-zegarki.jpg 800w, https:\/\/komisleon.pl\/wp-content\/uploads\/2025\/12\/komis-bizuteria-zegarki-300x300.jpg 300w, https:\/\/komisleon.pl\/wp-content\/uploads\/2025\/12\/komis-bizuteria-zegarki-150x150.jpg 150w, https:\/\/komisleon.pl\/wp-content\/uploads\/2025\/12\/komis-bizuteria-zegarki-768x768.jpg 768w\" sizes=\"(max-width: 800px) 100vw, 800px\" \/><\/figure><div class=\"elementor-image-box-content\"><h4 class=\"elementor-image-box-title\">Zegarki i bi\u017cuteria<\/h4><p class=\"elementor-image-box-description\">Pier\u015bcionki, \u0142a\u0144cuszki, bransoletki, zegarki.<\/p><\/div><\/div>\t\t\t\t<\/div>\n\t\t\t\t<\/div>\n\t\t<div class=\"elementor-element elementor-element-3ec0137 e-con-full e-flex e-con e-child\" data-id=\"3ec0137\" data-element_type=\"container\">\n\t\t\t\t<div class=\"elementor-element elementor-element-aa9643d elementor-widget-tablet__width-initial elementor-widget-mobile__width-inherit elementor-widget__width-initial elementor-position-top elementor-widget elementor-widget-image-box\" data-id=\"aa9643d\" data-element_type=\"widget\" data-widget_type=\"image-box.default\">\n\t\t\t\t\t<div class=\"elementor-image-box-wrapper\"><figure class=\"elementor-image-box-img\"><img loading=\"lazy\" decoding=\"async\" width=\"800\" height=\"800\" src=\"https:\/\/komisleon.pl\/wp-content\/uploads\/2025\/12\/komis-foto.jpg\" class=\"elementor-animation-grow attachment-full size-full wp-image-70\" alt=\"\" srcset=\"https:\/\/komisleon.pl\/wp-content\/uploads\/2025\/12\/komis-foto.jpg 800w, https:\/\/komisleon.pl\/wp-content\/uploads\/2025\/12\/komis-foto-300x300.jpg 300w, https:\/\/komisleon.pl\/wp-content\/uploads\/2025\/12\/komis-foto-150x150.jpg 150w, https:\/\/komisleon.pl\/wp-content\/uploads\/2025\/12\/komis-foto-768x768.jpg 768w\" sizes=\"(max-width: 800px) 100vw, 800px\" \/><\/figure><div class=\"elementor-image-box-content\"><h4 class=\"elementor-image-box-title\">Sprz\u0119t fotograficzny i optyczny<\/h4><p class=\"elementor-image-box-description\">Aparaty, obiektywy, lornetki, akcesoria foto. <\/p><\/div><\/div>\t\t\t\t<\/div>\n\t\t\t\t<div class=\"elementor-element elementor-element-97c6f00 elementor-widget-tablet__width-initial elementor-widget-mobile__width-inherit elementor-widget__width-initial elementor-position-top elementor-widget elementor-widget-image-box\" data-id=\"97c6f00\" data-element_type=\"widget\" data-widget_type=\"image-box.default\">\n\t\t\t\t\t<div class=\"elementor-image-box-wrapper\"><figure class=\"elementor-image-box-img\"><img loading=\"lazy\" decoding=\"async\" width=\"800\" height=\"800\" src=\"https:\/\/komisleon.pl\/wp-content\/uploads\/2025\/12\/komis-sport.jpg\" class=\"elementor-animation-grow attachment-full size-full wp-image-74\" alt=\"\" srcset=\"https:\/\/komisleon.pl\/wp-content\/uploads\/2025\/12\/komis-sport.jpg 800w, https:\/\/komisleon.pl\/wp-content\/uploads\/2025\/12\/komis-sport-300x300.jpg 300w, https:\/\/komisleon.pl\/wp-content\/uploads\/2025\/12\/komis-sport-150x150.jpg 150w, https:\/\/komisleon.pl\/wp-content\/uploads\/2025\/12\/komis-sport-768x768.jpg 768w\" sizes=\"(max-width: 800px) 100vw, 800px\" \/><\/figure><div class=\"elementor-image-box-content\"><h4 class=\"elementor-image-box-title\">Sprz\u0119t sportowy i rekreacyjny<\/h4><p class=\"elementor-image-box-description\">Rowery, hulajnogi, elektronika sportowa, sprz\u0119t fitness. <\/p><\/div><\/div>\t\t\t\t<\/div>\n\t\t\t\t<div class=\"elementor-element elementor-element-05086c7 elementor-widget-tablet__width-initial elementor-widget-mobile__width-inherit elementor-widget__width-initial elementor-position-top elementor-widget elementor-widget-image-box\" data-id=\"05086c7\" data-element_type=\"widget\" data-widget_type=\"image-box.default\">\n\t\t\t\t\t<div class=\"elementor-image-box-wrapper\"><figure class=\"elementor-image-box-img\"><img loading=\"lazy\" decoding=\"async\" width=\"800\" height=\"800\" src=\"https:\/\/komisleon.pl\/wp-content\/uploads\/2025\/12\/komis-artykuly-kolekcjonerskie.jpg\" class=\"elementor-animation-grow attachment-full size-full wp-image-71\" alt=\"\" srcset=\"https:\/\/komisleon.pl\/wp-content\/uploads\/2025\/12\/komis-artykuly-kolekcjonerskie.jpg 800w, https:\/\/komisleon.pl\/wp-content\/uploads\/2025\/12\/komis-artykuly-kolekcjonerskie-300x300.jpg 300w, https:\/\/komisleon.pl\/wp-content\/uploads\/2025\/12\/komis-artykuly-kolekcjonerskie-150x150.jpg 150w, https:\/\/komisleon.pl\/wp-content\/uploads\/2025\/12\/komis-artykuly-kolekcjonerskie-768x768.jpg 768w\" sizes=\"(max-width: 800px) 100vw, 800px\" \/><\/figure><div class=\"elementor-image-box-content\"><h4 class=\"elementor-image-box-title\">Artyku\u0142y premium i kolekcjonerskie<\/h4><p class=\"elementor-image-box-description\">Ekskluzywne dodatki, drobna galanteria, przedmioty unikatowe.<\/p><\/div><\/div>\t\t\t\t<\/div>\n\t\t\t\t<div class=\"elementor-element elementor-element-2d6b777 elementor-widget-tablet__width-initial elementor-widget-mobile__width-inherit elementor-widget__width-initial elementor-position-top elementor-widget elementor-widget-image-box\" data-id=\"2d6b777\" data-element_type=\"widget\" data-widget_type=\"image-box.default\">\n\t\t\t\t\t<div class=\"elementor-image-box-wrapper\"><figure class=\"elementor-image-box-img\"><img loading=\"lazy\" decoding=\"async\" width=\"800\" height=\"800\" src=\"https:\/\/komisleon.pl\/wp-content\/uploads\/2025\/12\/okazje.jpg\" class=\"elementor-animation-grow attachment-full size-full wp-image-79\" alt=\"\" srcset=\"https:\/\/komisleon.pl\/wp-content\/uploads\/2025\/12\/okazje.jpg 800w, https:\/\/komisleon.pl\/wp-content\/uploads\/2025\/12\/okazje-300x300.jpg 300w, https:\/\/komisleon.pl\/wp-content\/uploads\/2025\/12\/okazje-150x150.jpg 150w, https:\/\/komisleon.pl\/wp-content\/uploads\/2025\/12\/okazje-768x768.jpg 768w\" sizes=\"(max-width: 800px) 100vw, 800px\" \/><\/figure><div class=\"elementor-image-box-content\"><h4 class=\"elementor-image-box-title\">Okazje i produkty u\u017cywane<\/h4><p class=\"elementor-image-box-description\">Atrakcyjne cenowo przedmioty sprawdzone przed sprzeda\u017c\u0105.<\/p><\/div><\/div>\t\t\t\t<\/div>\n\t\t\t\t<\/div>\n\t\t\t\t\t<\/div>\n\t\t\t\t<\/div>\n\t\t<div class=\"elementor-element elementor-element-2b03c396 e-flex e-con-boxed e-con e-parent\" data-id=\"2b03c396\" data-element_type=\"container\" id=\"next\">\n\t\t\t\t\t<div class=\"e-con-inner\">\n\t\t\t\t<div class=\"elementor-element elementor-element-32bd412c elementor-widget elementor-widget-heading\" data-id=\"32bd412c\" data-element_type=\"widget\" id=\"onas\" data-widget_type=\"heading.default\">\n\t\t\t\t\t<h2 class=\"elementor-heading-title elementor-size-default\">Dlaczego my? <\/h2>\t\t\t\t<\/div>\n\t\t<div class=\"elementor-element elementor-element-2230900 e-con-full e-flex e-con e-child\" data-id=\"2230900\" data-element_type=\"container\">\n\t\t<div class=\"elementor-element elementor-element-3422c57e e-con-full e-flex e-con e-child\" data-id=\"3422c57e\" data-element_type=\"container\" data-settings=\"{&quot;background_background&quot;:&quot;classic&quot;}\">\n\t\t\t\t<div class=\"elementor-element elementor-element-161e2824 elementor-widget elementor-widget-heading\" data-id=\"161e2824\" data-element_type=\"widget\" data-widget_type=\"heading.default\">\n\t\t\t\t\t<h4 class=\"elementor-heading-title elementor-size-default\">Szybko\u015b\u0107<\/h4>\t\t\t\t<\/div>\n\t\t\t\t<div class=\"elementor-element elementor-element-470c3885 elementor-widget-divider--view-line elementor-widget elementor-widget-divider\" data-id=\"470c3885\" data-element_type=\"widget\" data-widget_type=\"divider.default\">\n\t\t\t\t\t\t\t<div class=\"elementor-divider\">\n\t\t\t<span class=\"elementor-divider-separator\">\n\t\t\t\t\t\t<\/span>\n\t\t<\/div>\n\t\t\t\t\t\t<\/div>\n\t\t\t\t<div class=\"elementor-element elementor-element-2412c2d4 elementor-widget elementor-widget-text-editor\" data-id=\"2412c2d4\" data-element_type=\"widget\" data-widget_type=\"text-editor.default\">\n\t\t\t\t\t\t\t\t\t<p>Natychmiastowa wycena i got\u00f3wka od r\u0119ki<\/p>\t\t\t\t\t\t\t\t<\/div>\n\t\t\t\t<\/div>\n\t\t<div class=\"elementor-element elementor-element-3c11ef1e e-con-full e-flex e-con e-child\" data-id=\"3c11ef1e\" data-element_type=\"container\" data-settings=\"{&quot;background_background&quot;:&quot;classic&quot;}\">\n\t\t\t\t<div class=\"elementor-element elementor-element-4b81fa04 elementor-widget elementor-widget-heading\" data-id=\"4b81fa04\" data-element_type=\"widget\" data-widget_type=\"heading.default\">\n\t\t\t\t\t<h4 class=\"elementor-heading-title elementor-size-default\">Uczciwo\u015b\u0107<\/h4>\t\t\t\t<\/div>\n\t\t\t\t<div class=\"elementor-element elementor-element-78cbc431 elementor-widget-divider--view-line elementor-widget elementor-widget-divider\" data-id=\"78cbc431\" data-element_type=\"widget\" data-widget_type=\"divider.default\">\n\t\t\t\t\t\t\t<div class=\"elementor-divider\">\n\t\t\t<span class=\"elementor-divider-separator\">\n\t\t\t\t\t\t<\/span>\n\t\t<\/div>\n\t\t\t\t\t\t<\/div>\n\t\t\t\t<div class=\"elementor-element elementor-element-232fd491 elementor-widget elementor-widget-text-editor\" data-id=\"232fd491\" data-element_type=\"widget\" data-widget_type=\"text-editor.default\">\n\t\t\t\t\t\t\t\t\t<p>Uczciwe i transparentne zasady<\/p>\t\t\t\t\t\t\t\t<\/div>\n\t\t\t\t<\/div>\n\t\t<div class=\"elementor-element elementor-element-896f1cc e-con-full e-flex e-con e-child\" data-id=\"896f1cc\" data-element_type=\"container\" data-settings=\"{&quot;background_background&quot;:&quot;classic&quot;}\">\n\t\t\t\t<div class=\"elementor-element elementor-element-74b1013b elementor-widget elementor-widget-heading\" data-id=\"74b1013b\" data-element_type=\"widget\" data-widget_type=\"heading.default\">\n\t\t\t\t\t<h4 class=\"elementor-heading-title elementor-size-default\">Wyb\u00f3r<\/h4>\t\t\t\t<\/div>\n\t\t\t\t<div class=\"elementor-element elementor-element-270665e5 elementor-widget-divider--view-line elementor-widget elementor-widget-divider\" data-id=\"270665e5\" data-element_type=\"widget\" data-widget_type=\"divider.default\">\n\t\t\t\t\t\t\t<div class=\"elementor-divider\">\n\t\t\t<span class=\"elementor-divider-separator\">\n\t\t\t\t\t\t<\/span>\n\t\t<\/div>\n\t\t\t\t\t\t<\/div>\n\t\t\t\t<div class=\"elementor-element elementor-element-75779c0f elementor-widget elementor-widget-text-editor\" data-id=\"75779c0f\" data-element_type=\"widget\" data-widget_type=\"text-editor.default\">\n\t\t\t\t\t\t\t\t\t<p>Du\u017cy wyb\u00f3r sprawdzonego sprz\u0119tu<\/p>\t\t\t\t\t\t\t\t<\/div>\n\t\t\t\t<\/div>\n\t\t<div class=\"elementor-element elementor-element-28ff6772 e-con-full e-flex e-con e-child\" data-id=\"28ff6772\" data-element_type=\"container\" data-settings=\"{&quot;background_background&quot;:&quot;classic&quot;}\">\n\t\t\t\t<div class=\"elementor-element elementor-element-1321d88d elementor-widget elementor-widget-heading\" data-id=\"1321d88d\" data-element_type=\"widget\" data-widget_type=\"heading.default\">\n\t\t\t\t\t<h4 class=\"elementor-heading-title elementor-size-default\">Dyskrecja<\/h4>\t\t\t\t<\/div>\n\t\t\t\t<div class=\"elementor-element elementor-element-29ec59de elementor-widget-divider--view-line elementor-widget elementor-widget-divider\" data-id=\"29ec59de\" data-element_type=\"widget\" data-widget_type=\"divider.default\">\n\t\t\t\t\t\t\t<div class=\"elementor-divider\">\n\t\t\t<span class=\"elementor-divider-separator\">\n\t\t\t\t\t\t<\/span>\n\t\t<\/div>\n\t\t\t\t\t\t<\/div>\n\t\t\t\t<div class=\"elementor-element elementor-element-59b43337 elementor-widget elementor-widget-text-editor\" data-id=\"59b43337\" data-element_type=\"widget\" data-widget_type=\"text-editor.default\">\n\t\t\t\t\t\t\t\t\t<p>Dyskrecja i indywidualne podej\u015bcie<\/p>\t\t\t\t\t\t\t\t<\/div>\n\t\t\t\t<\/div>\n\t\t\t\t<\/div>\n\t\t\t\t\t<\/div>\n\t\t\t\t<\/div>\n\t\t<div class=\"elementor-element elementor-element-4c3cac6b e-flex e-con-boxed e-con e-parent\" data-id=\"4c3cac6b\" data-element_type=\"container\">\n\t\t\t\t\t<div class=\"e-con-inner\">\n\t\t<div class=\"elementor-element elementor-element-34530233 e-con-full e-flex e-con e-child\" data-id=\"34530233\" data-element_type=\"container\" data-settings=\"{&quot;background_background&quot;:&quot;classic&quot;}\">\n\t\t\t\t<\/div>\n\t\t<div class=\"elementor-element elementor-element-38737bf9 e-con-full e-flex e-con e-child\" data-id=\"38737bf9\" data-element_type=\"container\">\n\t\t\t\t<div class=\"elementor-element elementor-element-4fa4a666 elementor-widget elementor-widget-heading\" data-id=\"4fa4a666\" data-element_type=\"widget\" data-widget_type=\"heading.default\">\n\t\t\t\t\t<h2 class=\"elementor-heading-title elementor-size-default\">Komis Leon<\/h2>\t\t\t\t<\/div>\n\t\t\t\t<div class=\"elementor-element elementor-element-3e691c69 elementor-widget elementor-widget-text-editor\" data-id=\"3e691c69\" data-element_type=\"widget\" data-widget_type=\"text-editor.default\">\n\t\t\t\t\t\t\t\t\t<p><strong>Komis Leon<\/strong> to lokalny komis <strong>na warszawskich Bielanach<\/strong>, w kt\u00f3rym mo\u017cesz szybko i bezpiecznie sprzeda\u0107 swoje warto\u015bciowe przedmioty lub kupi\u0107 sprawdzony sprz\u0119t w atrakcyjnej cenie. <strong>Cenimy uczciwo\u015b\u0107, jasne zasady i pe\u0142n\u0105 przejrzysto\u015b\u0107 ka\u017cdej transakcji.<\/strong> U nas dostajesz got\u00f3wk\u0119 od r\u0119ki \u2013 bez skomplikowanych procedur.<\/p><p>Jeste\u015bmy komisem dzia\u0142aj\u0105cym na Bielanach, kt\u00f3ry powsta\u0142 z my\u015bl\u0105 o ludziach potrzebuj\u0105cych <strong>prostego i wygodnego sposobu sprzeda\u017cy<\/strong> lub zakupu przedmiot\u00f3w codziennego u\u017cytku.<\/p><p><br data-start=\"1387\" data-end=\"1390\" \/><strong>W KomisLeon.pl stawiamy na rzeteln\u0105 wycen\u0119, szybkie dzia\u0142anie i przyjazn\u0105 obs\u0142ug\u0119.<\/strong> Dzi\u0119ki wieloletniemu do\u015bwiadczeniu potrafimy dok\u0142adnie oceni\u0107 realn\u0105 warto\u015b\u0107 sprz\u0119tu, a ka\u017cda transakcja przebiega u nas sprawnie i w pe\u0142ni bezpiecznie.<\/p>\t\t\t\t\t\t\t\t<\/div>\n\t\t\t\t<\/div>\n\t\t\t\t\t<\/div>\n\t\t\t\t<\/div>\n\t\t<div class=\"elementor-element elementor-element-f6c52d4 e-flex e-con-boxed e-con e-parent\" data-id=\"f6c52d4\" data-element_type=\"container\">\n\t\t\t\t\t<div class=\"e-con-inner\">\n\t\t\t\t<div class=\"elementor-element elementor-element-fa377d1 elementor-widget elementor-widget-heading\" data-id=\"fa377d1\" data-element_type=\"widget\" id=\"kontakt\" data-widget_type=\"heading.default\">\n\t\t\t\t\t<h2 class=\"elementor-heading-title elementor-size-default\">Kontakt<\/h2>\t\t\t\t<\/div>\n\t\t\t\t\t\t\t<h3 class=\"e-d26665d-18eaea2 e-heading-base\"  >\n\t\t\tKomis Leon Warszawa Bielany\n\t\t<\/h3>\n\t\t\t\t<div class=\"elementor-element elementor-element-3c31993 elementor-widget elementor-widget-text-editor\" data-id=\"3c31993\" data-element_type=\"widget\" data-widget_type=\"text-editor.default\">\n\t\t\t\t\t\t\t\t\t<p>ul. Przy Agorze 3a, 01-960 Warszawa<\/p>\t\t\t\t\t\t\t\t<\/div>\n\t\t\t\t<div class=\"elementor-element elementor-element-c108eb9 elementor-widget elementor-widget-text-editor\" data-id=\"c108eb9\" data-element_type=\"widget\" data-widget_type=\"text-editor.default\">\n\t\t\t\t\t\t\t\t\t<h4><strong>tel. 690 141 485<\/strong><\/h4><p><strong>Godziny otwarcia:<\/strong><br \/>Poniedzia\u0142ek-pi\u0105tek 9:00 &#8211; 19:00<br \/>Sobota 9:00 &#8211; 13:00<\/p>\t\t\t\t\t\t\t\t<\/div>\n\t\t\t\t\t<\/div>\n\t\t\t\t<\/div>\n\t\t\t\t<\/div>\n\t\t","protected":false},"excerpt":{"rendered":"<p>Komis Leon \u2013 szybki skup i sprzeda\u017c warto\u015bciowych przedmiot\u00f3w na Bielanach Got\u00f3wka od r\u0119ki. Bez zb\u0119dnych formalno\u015bci. ul. Przy Agorze 3a, Warszawa Bielany tel. 690 141 485 Napisz do nas! Co skupujemy? Skupujemy i sprzedajemy przedmioty warto\u015bciowe \u2013 prosto i przejrzy\u015bcie. Elektronika Smartfony, laptopy, tablety, konsole, s\u0142uchawki, akcesoria. Sprz\u0119t RTV\/AGD Telewizory, soundbary, g\u0142o\u015bniki, odkurzacze, ekspresy [&hellip;]<\/p>\n","protected":false},"author":1,"featured_media":40,"parent":0,"menu_order":0,"comment_status":"closed","ping_status":"closed","template":"elementor_header_footer","meta":{"footnotes":""},"class_list":["post-35","page","type-page","status-publish","has-post-thumbnail","hentry"],"blocksy_meta":[],"_links":{"self":[{"href":"https:\/\/komisleon.pl\/index.php?rest_route=\/wp\/v2\/pages\/35","targetHints":{"allow":["GET"]}}],"collection":[{"href":"https:\/\/komisleon.pl\/index.php?rest_route=\/wp\/v2\/pages"}],"about":[{"href":"https:\/\/komisleon.pl\/index.php?rest_route=\/wp\/v2\/types\/page"}],"author":[{"embeddable":true,"href":"https:\/\/komisleon.pl\/index.php?rest_route=\/wp\/v2\/users\/1"}],"replies":[{"embeddable":true,"href":"https:\/\/komisleon.pl\/index.php?rest_route=%2Fwp%2Fv2%2Fcomments&post=35"}],"version-history":[{"count":106,"href":"https:\/\/komisleon.pl\/index.php?rest_route=\/wp\/v2\/pages\/35\/revisions"}],"predecessor-version":[{"id":204,"href":"https:\/\/komisleon.pl\/index.php?rest_route=\/wp\/v2\/pages\/35\/revisions\/204"}],"wp:featuredmedia":[{"embeddable":true,"href":"https:\/\/komisleon.pl\/index.php?rest_route=\/wp\/v2\/media\/40"}],"wp:attachment":[{"href":"https:\/\/komisleon.pl\/index.php?rest_route=%2Fwp%2Fv2%2Fmedia&parent=35"}],"curies":[{"name":"wp","href":"https:\/\/api.w.org\/{rel}","templated":true}]}}